{"id":4094,"date":"2024-04-04T11:41:59","date_gmt":"2024-04-04T04:41:59","guid":{"rendered":"https:\/\/aktc.com.vn\/?post_type=product&#038;p=4094"},"modified":"2025-12-30T14:18:34","modified_gmt":"2025-12-30T07:18:34","slug":"mowilith-ldm-7667-nhua-nano-acrylic-nguyen-sinh","status":"publish","type":"product","link":"https:\/\/aktc.com.vn\/en\/mowilith-ldm-7667-nhua-nano-acrylic-nguyen-sinh\/","title":{"rendered":"Mowilith LDM 7667 \u2013 Primary NANO ACRYLIC plastic"},"content":{"rendered":"<p>Xu\u1ea5t x\u1ee9: Th\u1ee5y S\u1ef9<\/p>\n<p>T\u00ednh n\u0103ng: Mowilith LDM 7667 l\u00e0 m\u1ed9t lo\u1ea1i nh\u0169 t\u01b0\u01a1ng ph\u00e2n t\u00e1n trong n\u01b0\u1edbc, kh\u00f4ng ch\u1ee9a ch\u1ea5t h\u00f3a d\u1ebbo \u0111\u01b0\u1ee3c s\u1ea3n xu\u1ea5t t\u1eeb c\u00e1c este axit methacrylic v\u00e0 styrene.<\/p>\n<p>Mowilith LDM 7667 c\u00f3 k\u00edch th\u01b0\u1edbc h\u1ea1t r\u1ea5t nh\u1ecf, th\u00edch h\u1ee3p l\u00e0m l\u1edbp l\u00f3t v\u1edbi kh\u1ea3 n\u0103ng th\u1ea9m th\u1ea5u t\u1ed1t<\/p>\n<p>\u1ee8ng d\u1ee5ng: s\u01a1n g\u1ed7<\/p>","protected":false},"excerpt":{"rendered":"<p>Xu\u1ea5t x\u1ee9: Th\u1ee5y S\u1ef9 T\u00ednh n\u0103ng: Mowilith LDM 7667 l\u00e0 m\u1ed9t lo\u1ea1i nh\u0169 t\u01b0\u01a1ng ph\u00e2n t\u00e1n trong n\u01b0\u1edbc, kh\u00f4ng ch\u1ee9a ch\u1ea5t h\u00f3a d\u1ebbo \u0111\u01b0\u1ee3c s\u1ea3n [&hellip;]<\/p>","protected":false},"featured_media":4159,"comment_status":"closed","ping_status":"closed","template":"","meta":{"site-sidebar-layout":"default","site-content-layout":"","ast-site-content-layout":"default","site-content-style":"default","site-sidebar-style":"default","ast-global-header-display":"","ast-banner-title-visibility":"","ast-main-header-display":"","ast-hfb-above-header-display":"","ast-hfb-below-header-display":"","ast-hfb-mobile-header-display":"","site-post-title":"","ast-breadcrumbs-content":"","ast-featured-img":"","footer-sml-layout":"","theme-transparent-header-meta":"default","adv-header-id-meta":"","stick-header-meta":"","header-above-stick-meta":"","header-main-stick-meta":"","header-below-stick-meta":"","astra-migrate-meta-layouts":"set","ast-page-background-enabled":"default","ast-page-background-meta":{"desktop":{"background-color":"var(--ast-global-color-4)","background-image":"","background-repeat":"repeat","background-position":"center center","background-size":"auto","background-attachment":"scroll","background-type":"","background-media":"","overlay-type":"","overlay-color":"","overlay-opacity":"","overlay-gradient":""},"tablet":{"background-color":"","background-image":"","background-repeat":"repeat","background-position":"center center","background-size":"auto","background-attachment":"scroll","background-type":"","background-media":"","overlay-type":"","overlay-color":"","overlay-opacity":"","overlay-gradient":""},"mobile":{"background-color":"","background-image":"","background-repeat":"repeat","background-position":"center center","background-size":"auto","background-attachment":"scroll","background-type":"","background-media":"","overlay-type":"","overlay-color":"","overlay-opacity":"","overlay-gradient":""}},"ast-content-background-meta":{"desktop":{"background-color":"var(--ast-global-color-5)","background-image":"","background-repeat":"repeat","background-position":"center center","background-size":"auto","background-attachment":"scroll","background-type":"","background-media":"","overlay-type":"","overlay-color":"","overlay-opacity":"","overlay-gradient":""},"tablet":{"background-color":"var(--ast-global-color-5)","background-image":"","background-repeat":"repeat","background-position":"center center","background-size":"auto","background-attachment":"scroll","background-type":"","background-media":"","overlay-type":"","overlay-color":"","overlay-opacity":"","overlay-gradient":""},"mobile":{"background-color":"var(--ast-global-color-5)","background-image":"","background-repeat":"repeat","background-position":"center center","background-size":"auto","background-attachment":"scroll","background-type":"","background-media":"","overlay-type":"","overlay-color":"","overlay-opacity":"","overlay-gradient":""}}},"product_brand":[],"product_cat":[127],"product_tag":[],"class_list":{"0":"post-4094","1":"product","2":"type-product","3":"status-publish","4":"has-post-thumbnail","6":"product_cat-hoa-chat-nganh-son-nuoc","7":"desktop-align-left","8":"tablet-align-left","9":"mobile-align-left","10":"ast-product-gallery-layout-horizontal-slider","11":"ast-product-gallery-with-no-image","12":"ast-product-tabs-layout-distributed","14":"first","15":"instock","16":"shipping-taxable","17":"product-type-simple"},"_links":{"self":[{"href":"https:\/\/aktc.com.vn\/en\/wp-json\/wp\/v2\/product\/4094","targetHints":{"allow":["GET"]}}],"collection":[{"href":"https:\/\/aktc.com.vn\/en\/wp-json\/wp\/v2\/product"}],"about":[{"href":"https:\/\/aktc.com.vn\/en\/wp-json\/wp\/v2\/types\/product"}],"replies":[{"embeddable":true,"href":"https:\/\/aktc.com.vn\/en\/wp-json\/wp\/v2\/comments?post=4094"}],"wp:featuredmedia":[{"embeddable":true,"href":"https:\/\/aktc.com.vn\/en\/wp-json\/wp\/v2\/media\/4159"}],"wp:attachment":[{"href":"https:\/\/aktc.com.vn\/en\/wp-json\/wp\/v2\/media?parent=4094"}],"wp:term":[{"taxonomy":"product_brand","embeddable":true,"href":"https:\/\/aktc.com.vn\/en\/wp-json\/wp\/v2\/product_brand?post=4094"},{"taxonomy":"product_cat","embeddable":true,"href":"https:\/\/aktc.com.vn\/en\/wp-json\/wp\/v2\/product_cat?post=4094"},{"taxonomy":"product_tag","embeddable":true,"href":"https:\/\/aktc.com.vn\/en\/wp-json\/wp\/v2\/product_tag?post=4094"}],"curies":[{"name":"wp","href":"https:\/\/api.w.org\/{rel}","templated":true}]}}