{"id":4101,"date":"2024-04-04T11:43:21","date_gmt":"2024-04-04T04:43:21","guid":{"rendered":"https:\/\/aktc.com.vn\/?post_type=product&#038;p=4101"},"modified":"2025-12-30T14:17:07","modified_gmt":"2025-12-30T07:17:07","slug":"mowilith-ldm-7030-phu-gia-tao-dac-goc-acrylic","status":"publish","type":"product","link":"https:\/\/aktc.com.vn\/en\/mowilith-ldm-7030-phu-gia-tao-dac-goc-acrylic\/","title":{"rendered":"Mowilith LDM 7030 \u2013 ACRYLIC thickener"},"content":{"rendered":"<p><strong>Xu\u1ea5t x\u1ee9:<\/strong> Th\u1ee5y S\u1ef9<\/p>\n<p><strong>T\u00ednh n\u0103ng:<\/strong> Mowilith LDM 7030 l\u00e0 ch\u1ea5t l\u00e0m \u0111\u1eb7c cho s\u01a1n g\u1ed1c n\u01b0\u1edbc l\u00e0m gi\u1ea3m hi\u1ec7n t\u01b0\u1ee3ng b\u1eafn t\u00f3e. Mowilith LDM 7030 c\u00f3 th\u1ec3 thay th\u1ebf m\u1ed9t ph\u1ea7n (50-70%) c\u00e1c ch\u1ea5t l\u00e0m \u0111\u1eb7c cellulose nh\u01b0 HEC trong s\u01a1n g\u1ed1c n\u01b0\u1edbc, gi\u00fap gi\u1ea3m chi ph\u00ed.<\/p>","protected":false},"excerpt":{"rendered":"<p>Xu\u1ea5t x\u1ee9: Th\u1ee5y S\u1ef9 T\u00ednh n\u0103ng: Mowilith LDM 7030 l\u00e0 ch\u1ea5t l\u00e0m \u0111\u1eb7c cho s\u01a1n g\u1ed1c n\u01b0\u1edbc l\u00e0m gi\u1ea3m hi\u1ec7n t\u01b0\u1ee3ng b\u1eafn t\u00f3e. Mowilith LDM [&hellip;]<\/p>","protected":false},"featured_media":4159,"comment_status":"closed","ping_status":"closed","template":"","meta":{"site-sidebar-layout":"default","site-content-layout":"","ast-site-content-layout":"default","site-content-style":"default","site-sidebar-style":"default","ast-global-header-display":"","ast-banner-title-visibility":"","ast-main-header-display":"","ast-hfb-above-header-display":"","ast-hfb-below-header-display":"","ast-hfb-mobile-header-display":"","site-post-title":"","ast-breadcrumbs-content":"","ast-featured-img":"","footer-sml-layout":"","theme-transparent-header-meta":"default","adv-header-id-meta":"","stick-header-meta":"","header-above-stick-meta":"","header-main-stick-meta":"","header-below-stick-meta":"","astra-migrate-meta-layouts":"set","ast-page-background-enabled":"default","ast-page-background-meta":{"desktop":{"background-color":"var(--ast-global-color-4)","background-image":"","background-repeat":"repeat","background-position":"center center","background-size":"auto","background-attachment":"scroll","background-type":"","background-media":"","overlay-type":"","overlay-color":"","overlay-opacity":"","overlay-gradient":""},"tablet":{"background-color":"","background-image":"","background-repeat":"repeat","background-position":"center center","background-size":"auto","background-attachment":"scroll","background-type":"","background-media":"","overlay-type":"","overlay-color":"","overlay-opacity":"","overlay-gradient":""},"mobile":{"background-color":"","background-image":"","background-repeat":"repeat","background-position":"center center","background-size":"auto","background-attachment":"scroll","background-type":"","background-media":"","overlay-type":"","overlay-color":"","overlay-opacity":"","overlay-gradient":""}},"ast-content-background-meta":{"desktop":{"background-color":"var(--ast-global-color-5)","background-image":"","background-repeat":"repeat","background-position":"center center","background-size":"auto","background-attachment":"scroll","background-type":"","background-media":"","overlay-type":"","overlay-color":"","overlay-opacity":"","overlay-gradient":""},"tablet":{"background-color":"var(--ast-global-color-5)","background-image":"","background-repeat":"repeat","background-position":"center center","background-size":"auto","background-attachment":"scroll","background-type":"","background-media":"","overlay-type":"","overlay-color":"","overlay-opacity":"","overlay-gradient":""},"mobile":{"background-color":"var(--ast-global-color-5)","background-image":"","background-repeat":"repeat","background-position":"center center","background-size":"auto","background-attachment":"scroll","background-type":"","background-media":"","overlay-type":"","overlay-color":"","overlay-opacity":"","overlay-gradient":""}}},"product_brand":[],"product_cat":[127],"product_tag":[],"class_list":{"0":"post-4101","1":"product","2":"type-product","3":"status-publish","4":"has-post-thumbnail","6":"product_cat-hoa-chat-nganh-son-nuoc","7":"desktop-align-left","8":"tablet-align-left","9":"mobile-align-left","10":"ast-product-gallery-layout-horizontal-slider","11":"ast-product-gallery-with-no-image","12":"ast-product-tabs-layout-distributed","14":"first","15":"instock","16":"shipping-taxable","17":"product-type-simple"},"_links":{"self":[{"href":"https:\/\/aktc.com.vn\/en\/wp-json\/wp\/v2\/product\/4101","targetHints":{"allow":["GET"]}}],"collection":[{"href":"https:\/\/aktc.com.vn\/en\/wp-json\/wp\/v2\/product"}],"about":[{"href":"https:\/\/aktc.com.vn\/en\/wp-json\/wp\/v2\/types\/product"}],"replies":[{"embeddable":true,"href":"https:\/\/aktc.com.vn\/en\/wp-json\/wp\/v2\/comments?post=4101"}],"wp:featuredmedia":[{"embeddable":true,"href":"https:\/\/aktc.com.vn\/en\/wp-json\/wp\/v2\/media\/4159"}],"wp:attachment":[{"href":"https:\/\/aktc.com.vn\/en\/wp-json\/wp\/v2\/media?parent=4101"}],"wp:term":[{"taxonomy":"product_brand","embeddable":true,"href":"https:\/\/aktc.com.vn\/en\/wp-json\/wp\/v2\/product_brand?post=4101"},{"taxonomy":"product_cat","embeddable":true,"href":"https:\/\/aktc.com.vn\/en\/wp-json\/wp\/v2\/product_cat?post=4101"},{"taxonomy":"product_tag","embeddable":true,"href":"https:\/\/aktc.com.vn\/en\/wp-json\/wp\/v2\/product_tag?post=4101"}],"curies":[{"name":"wp","href":"https:\/\/api.w.org\/{rel}","templated":true}]}}