{"id":4213,"date":"2024-04-16T07:49:25","date_gmt":"2024-04-16T00:49:25","guid":{"rendered":"https:\/\/aktc.com.vn\/?post_type=product&#038;p=4213"},"modified":"2025-10-24T11:44:12","modified_gmt":"2025-10-24T04:44:12","slug":"bot-ca-30-45-va-55-dam","status":"publish","type":"product","link":"https:\/\/aktc.com.vn\/en\/bot-ca-30-45-va-55-dam\/","title":{"rendered":"Saccharomyces cerevisiae (t\u1ed1i thi\u1ec3u) 2&#215;10^10 CFU\/g"},"content":{"rendered":"<p>TH\u00c0NH PH\u1ea6N:<\/p>\n<p>Ch\u1ea5t ch\u00ednh: Saccharomyces cerevisiae (t\u1ed1i thi\u1ec3u) 2&#215;10^10 CFU\/g<\/p>\n<p>\u0110\u1ed9 \u1ea9m: &lt;10% C\u00e1t s\u1ea1n:&lt;10%<\/p>\n<p>Nguy\u00ean li\u1ec7u: Saccharomyces cerevisiae v\u00e0 b\u1ed9t ng\u00f4<\/p>\n<p>C\u00d4NG D\u1ee4NG:<\/p>\n<p>1. C\u00e0i thi\u1ec7n s\u1ef1 th\u00e8m \u0103n c\u1ee7a v\u1eadt nu\u00f4i, t\u0103ng l\u01b0\u1ee3ng th\u1ee9c \u0103n n\u1ea1p v\u00e0o v\u00e0 t\u0103ng tr\u1ecdng h\u00e0ng ng\u00e0y, gi\u1ea3m h\u1ec7 s\u1ed1 th\u1ee9c \u0103n.<\/p>\n<p>2. C\u1ea3i thi\u1ec7n kh\u1ea3 n\u00e3ng ti\u00eau h\u00f3a v\u00e0 chuy\u1ec3n h\u00f3a th\u1ee9c \u0103n.<\/p>\n<p>3. \u0110i\u1ec1u h\u00f2a c\u00e2n b\u1eb1ng vi sinh v\u1eadt \u0111\u01b0\u1eddng ti\u00eau h\u00f3a c\u1ee7a v\u1eadt nu\u00f4i, ng\u0103n ng\u1eeba ti\u00eau ch\u1ea3y \u1edf gia s\u00fac non.<\/p>\n<p>4. K\u00edch th\u00edch s\u1ef1 ho\u00e0n thi\u1ec7n v\u00e0 ph\u00e1t tri\u1ec3n c\u1ee7a h\u1ec7 th\u1ed1ng mi\u1ec5n d\u1ecbch, c\u1ea3i thi\u1ec7n kh\u1ea3 n\u0103ng ch\u1ed1ng stress v\u00e0 s\u1ee9c \u0111\u1ec1 kh\u00e1ng b\u1ec7nh t\u1eadt c\u1ee7a v\u1eadt nu\u00f4i, ng\u0103n ng\u1eeba s\u1ef1 xu\u1ea5t hi\u1ec7n c\u00f9a b\u1ec7nh t\u1eadt.<\/p>\n<p>5. Th\u00fac \u0111\u1ea9y s\u1ef1 t\u0103ng tr\u01b0\u1eddng v\u00e0 ph\u00e1t tri\u1ec3n c\u00f9a gia c\u1ea7m, c\u1ea3i thi\u1ec7n hi\u1ec7u su\u1ea5t s\u1ea3n xu\u1ea5t, t\u0103ng t\u1ef7 l\u1ec7 s\u1ea3n xu\u1ea5t tr\u1ee9ng v\u00e0 c\u1ea3i thi\u1ec7n ch\u1ea5t l\u01b0\u1ee3ng v\u1ecf tr\u1ee9ng.<\/p>\n<p>LI\u1ec0U D\u00d9NG: Gia c\u1ea7m: 300 &#8211; 600 g\/t\u1ea5n; L\u1ee3n: 250 &#8211; 1000 g\/t\u1ea5n;<\/p>\n<p>\u0110\u1ed9ng v\u1eadt nhai l\u1ea1i: 1000 &#8211; 2000 g\/t\u1ea5n<\/p>\n<p>KH\u1ed0I L\u01af\u1ee2NG T\u1ecaNH: 20kg\/th\u00f9ng (0,5kg\/g\u00f3i,40 g\u00f3i\/th\u00f9ng)<\/p>\n<p>D\u1ea0NG H\u1ea0T B\u1ea2O QU\u1ea2N: B\u00e0o qu\u1ea3n n\u01a1i kh\u00f4 r\u00e1o, tho\u00e1ng m\u00e1t, tr\u00e1nh \u00e1nh s\u00e1ng.<\/p>\n<p>H\u1ea0N S\u1eec D\u1ee4NG: 2 n\u0103m k\u1ec3 t\u1eeb ng\u00e0y s\u1ea3n xu\u1ea5t<\/p>\n<p>XU\u1ea4T X\u1ee8: Trung Qu\u1ed1c<\/p>","protected":false},"excerpt":{"rendered":"<p>TH\u00c0NH PH\u1ea6N: Ch\u1ea5t ch\u00ednh: Saccharomyces cerevisiae (t\u1ed1i thi\u1ec3u) 2&#215;10^10 CFU\/g \u0110\u1ed9 \u1ea9m: &lt;10% C\u00e1t s\u1ea1n:&lt;10% Nguy\u00ean li\u1ec7u: Saccharomyces cerevisiae v\u00e0 b\u1ed9t ng\u00f4 C\u00d4NG D\u1ee4NG: 1. [&hellip;]<\/p>","protected":false},"featured_media":4341,"comment_status":"closed","ping_status":"closed","template":"","meta":{"site-sidebar-layout":"default","site-content-layout":"","ast-site-content-layout":"default","site-content-style":"default","site-sidebar-style":"default","ast-global-header-display":"","ast-banner-title-visibility":"","ast-main-header-display":"","ast-hfb-above-header-display":"","ast-hfb-below-header-display":"","ast-hfb-mobile-header-display":"","site-post-title":"","ast-breadcrumbs-content":"","ast-featured-img":"","footer-sml-layout":"","theme-transparent-header-meta":"default","adv-header-id-meta":"","stick-header-meta":"","header-above-stick-meta":"","header-main-stick-meta":"","header-below-stick-meta":"","astra-migrate-meta-layouts":"set","ast-page-background-enabled":"default","ast-page-background-meta":{"desktop":{"background-color":"var(--ast-global-color-4)","background-image":"","background-repeat":"repeat","background-position":"center center","background-size":"auto","background-attachment":"scroll","background-type":"","background-media":"","overlay-type":"","overlay-color":"","overlay-opacity":"","overlay-gradient":""},"tablet":{"background-color":"","background-image":"","background-repeat":"repeat","background-position":"center center","background-size":"auto","background-attachment":"scroll","background-type":"","background-media":"","overlay-type":"","overlay-color":"","overlay-opacity":"","overlay-gradient":""},"mobile":{"background-color":"","background-image":"","background-repeat":"repeat","background-position":"center center","background-size":"auto","background-attachment":"scroll","background-type":"","background-media":"","overlay-type":"","overlay-color":"","overlay-opacity":"","overlay-gradient":""}},"ast-content-background-meta":{"desktop":{"background-color":"var(--ast-global-color-5)","background-image":"","background-repeat":"repeat","background-position":"center center","background-size":"auto","background-attachment":"scroll","background-type":"","background-media":"","overlay-type":"","overlay-color":"","overlay-opacity":"","overlay-gradient":""},"tablet":{"background-color":"var(--ast-global-color-5)","background-image":"","background-repeat":"repeat","background-position":"center center","background-size":"auto","background-attachment":"scroll","background-type":"","background-media":"","overlay-type":"","overlay-color":"","overlay-opacity":"","overlay-gradient":""},"mobile":{"background-color":"var(--ast-global-color-5)","background-image":"","background-repeat":"repeat","background-position":"center center","background-size":"auto","background-attachment":"scroll","background-type":"","background-media":"","overlay-type":"","overlay-color":"","overlay-opacity":"","overlay-gradient":""}}},"product_brand":[],"product_cat":[133],"product_tag":[],"class_list":{"0":"post-4213","1":"product","2":"type-product","3":"status-publish","4":"has-post-thumbnail","6":"product_cat-phu-gia-thuc-an-chan-nuoi","7":"desktop-align-left","8":"tablet-align-left","9":"mobile-align-left","10":"ast-product-gallery-layout-horizontal-slider","11":"ast-product-gallery-with-no-image","12":"ast-product-tabs-layout-distributed","14":"first","15":"instock","16":"shipping-taxable","17":"product-type-simple"},"_links":{"self":[{"href":"https:\/\/aktc.com.vn\/en\/wp-json\/wp\/v2\/product\/4213","targetHints":{"allow":["GET"]}}],"collection":[{"href":"https:\/\/aktc.com.vn\/en\/wp-json\/wp\/v2\/product"}],"about":[{"href":"https:\/\/aktc.com.vn\/en\/wp-json\/wp\/v2\/types\/product"}],"replies":[{"embeddable":true,"href":"https:\/\/aktc.com.vn\/en\/wp-json\/wp\/v2\/comments?post=4213"}],"wp:featuredmedia":[{"embeddable":true,"href":"https:\/\/aktc.com.vn\/en\/wp-json\/wp\/v2\/media\/4341"}],"wp:attachment":[{"href":"https:\/\/aktc.com.vn\/en\/wp-json\/wp\/v2\/media?parent=4213"}],"wp:term":[{"taxonomy":"product_brand","embeddable":true,"href":"https:\/\/aktc.com.vn\/en\/wp-json\/wp\/v2\/product_brand?post=4213"},{"taxonomy":"product_cat","embeddable":true,"href":"https:\/\/aktc.com.vn\/en\/wp-json\/wp\/v2\/product_cat?post=4213"},{"taxonomy":"product_tag","embeddable":true,"href":"https:\/\/aktc.com.vn\/en\/wp-json\/wp\/v2\/product_tag?post=4213"}],"curies":[{"name":"wp","href":"https:\/\/api.w.org\/{rel}","templated":true}]}}