{"id":4296,"date":"2025-05-20T10:24:00","date_gmt":"2025-05-20T03:24:00","guid":{"rendered":"https:\/\/aktc.com.vn\/?post_type=product&#038;p=4296"},"modified":"2025-10-24T10:43:13","modified_gmt":"2025-10-24T03:43:13","slug":"bersilion-rc-90","status":"publish","type":"product","link":"https:\/\/aktc.com.vn\/en\/bersilion-rc-90\/","title":{"rendered":"Bersilion RC-90"},"content":{"rendered":"<p><strong data-start=\"129\" data-end=\"149\">Bersilion\u00ae RC-90<\/strong> l\u00e0 titan dioxide (TiO\u2082) d\u1ea1ng rutile, \u0111\u01b0\u1ee3c x\u1eed l\u00fd b\u1ec1 m\u1eb7t b\u1eb1ng alumina v\u00e0 zirconia \u1edf c\u1ea5p \u0111\u1ed9 cao, s\u1ea3n xu\u1ea5t theo quy tr\u00ecnh chloride.<br data-start=\"375\" data-end=\"378\" \/>Nh\u1edd c\u1ea5u tr\u00fac tinh th\u1ec3 \u0111\u1ed3ng nh\u1ea5t v\u00e0 k\u00edch th\u01b0\u1edbc h\u1ea1t m\u1ecbn, RC-90 mang l\u1ea1i t\u00f4ng xanh lam nh\u1eb9 (bluish undertone), \u0111\u1ed9 che ph\u1ee7 (opacity) v\u00e0 \u0111\u1ed9 tr\u1eafng cao, c\u00f9ng v\u1edbi kh\u1ea3 n\u0103ng duy tr\u00ec \u0111\u1ed9 s\u00e1ng v\u00e0 \u0111\u1ed9 b\u1ec1n m\u00e0u v\u01b0\u1ee3t tr\u1ed9i, th\u00edch h\u1ee3p s\u1eed d\u1ee5ng trong nhi\u1ec1u lo\u1ea1i s\u01a1n c\u00f4ng nghi\u1ec7p v\u00e0 s\u01a1n trang tr\u00ed.<\/p>","protected":false},"excerpt":{"rendered":"<p>Bersilion\u00ae RC-90 l\u00e0 titan dioxide (TiO\u2082) d\u1ea1ng rutile, \u0111\u01b0\u1ee3c x\u1eed l\u00fd b\u1ec1 m\u1eb7t b\u1eb1ng alumina v\u00e0 zirconia \u1edf c\u1ea5p \u0111\u1ed9 cao, s\u1ea3n xu\u1ea5t theo quy [&hellip;]<\/p>","protected":false},"featured_media":4304,"comment_status":"closed","ping_status":"closed","template":"","meta":{"site-sidebar-layout":"default","site-content-layout":"","ast-site-content-layout":"default","site-content-style":"default","site-sidebar-style":"default","ast-global-header-display":"","ast-banner-title-visibility":"","ast-main-header-display":"","ast-hfb-above-header-display":"","ast-hfb-below-header-display":"","ast-hfb-mobile-header-display":"","site-post-title":"","ast-breadcrumbs-content":"","ast-featured-img":"","footer-sml-layout":"","theme-transparent-header-meta":"default","adv-header-id-meta":"","stick-header-meta":"","header-above-stick-meta":"","header-main-stick-meta":"","header-below-stick-meta":"","astra-migrate-meta-layouts":"set","ast-page-background-enabled":"default","ast-page-background-meta":{"desktop":{"background-color":"var(--ast-global-color-4)","background-image":"","background-repeat":"repeat","background-position":"center center","background-size":"auto","background-attachment":"scroll","background-type":"","background-media":"","overlay-type":"","overlay-color":"","overlay-opacity":"","overlay-gradient":""},"tablet":{"background-color":"","background-image":"","background-repeat":"repeat","background-position":"center center","background-size":"auto","background-attachment":"scroll","background-type":"","background-media":"","overlay-type":"","overlay-color":"","overlay-opacity":"","overlay-gradient":""},"mobile":{"background-color":"","background-image":"","background-repeat":"repeat","background-position":"center center","background-size":"auto","background-attachment":"scroll","background-type":"","background-media":"","overlay-type":"","overlay-color":"","overlay-opacity":"","overlay-gradient":""}},"ast-content-background-meta":{"desktop":{"background-color":"var(--ast-global-color-5)","background-image":"","background-repeat":"repeat","background-position":"center center","background-size":"auto","background-attachment":"scroll","background-type":"","background-media":"","overlay-type":"","overlay-color":"","overlay-opacity":"","overlay-gradient":""},"tablet":{"background-color":"var(--ast-global-color-5)","background-image":"","background-repeat":"repeat","background-position":"center center","background-size":"auto","background-attachment":"scroll","background-type":"","background-media":"","overlay-type":"","overlay-color":"","overlay-opacity":"","overlay-gradient":""},"mobile":{"background-color":"var(--ast-global-color-5)","background-image":"","background-repeat":"repeat","background-position":"center center","background-size":"auto","background-attachment":"scroll","background-type":"","background-media":"","overlay-type":"","overlay-color":"","overlay-opacity":"","overlay-gradient":""}}},"product_brand":[],"product_cat":[142],"product_tag":[],"class_list":{"0":"post-4296","1":"product","2":"type-product","3":"status-publish","4":"has-post-thumbnail","6":"product_cat-bot-titan-dioxit","7":"desktop-align-left","8":"tablet-align-left","9":"mobile-align-left","10":"ast-product-gallery-layout-horizontal-slider","11":"ast-product-gallery-with-no-image","12":"ast-product-tabs-layout-distributed","14":"first","15":"instock","16":"shipping-taxable","17":"product-type-simple"},"_links":{"self":[{"href":"https:\/\/aktc.com.vn\/en\/wp-json\/wp\/v2\/product\/4296","targetHints":{"allow":["GET"]}}],"collection":[{"href":"https:\/\/aktc.com.vn\/en\/wp-json\/wp\/v2\/product"}],"about":[{"href":"https:\/\/aktc.com.vn\/en\/wp-json\/wp\/v2\/types\/product"}],"replies":[{"embeddable":true,"href":"https:\/\/aktc.com.vn\/en\/wp-json\/wp\/v2\/comments?post=4296"}],"wp:featuredmedia":[{"embeddable":true,"href":"https:\/\/aktc.com.vn\/en\/wp-json\/wp\/v2\/media\/4304"}],"wp:attachment":[{"href":"https:\/\/aktc.com.vn\/en\/wp-json\/wp\/v2\/media?parent=4296"}],"wp:term":[{"taxonomy":"product_brand","embeddable":true,"href":"https:\/\/aktc.com.vn\/en\/wp-json\/wp\/v2\/product_brand?post=4296"},{"taxonomy":"product_cat","embeddable":true,"href":"https:\/\/aktc.com.vn\/en\/wp-json\/wp\/v2\/product_cat?post=4296"},{"taxonomy":"product_tag","embeddable":true,"href":"https:\/\/aktc.com.vn\/en\/wp-json\/wp\/v2\/product_tag?post=4296"}],"curies":[{"name":"wp","href":"https:\/\/api.w.org\/{rel}","templated":true}]}}