{"id":4298,"date":"2025-05-20T10:36:09","date_gmt":"2025-05-20T03:36:09","guid":{"rendered":"https:\/\/aktc.com.vn\/?post_type=product&#038;p=4298"},"modified":"2025-10-24T10:44:38","modified_gmt":"2025-10-24T03:44:38","slug":"bersilion-rc-94","status":"publish","type":"product","link":"https:\/\/aktc.com.vn\/en\/bersilion-rc-94\/","title":{"rendered":"Bersilion RC-94"},"content":{"rendered":"<p><strong data-start=\"135\" data-end=\"155\">Bersilion\u00ae RC-94<\/strong> l\u00e0 titanium dioxide (TiO\u2082) d\u1ea1ng rutile, \u0111\u01b0\u1ee3c x\u1eed l\u00fd b\u1ec1 m\u1eb7t b\u1eb1ng alumina v\u00e0 zirconia, s\u1ea3n xu\u1ea5t theo quy tr\u00ecnh chloride.<br data-start=\"292\" data-end=\"295\" \/>S\u1ea3n ph\u1ea9m c\u00f3 kh\u1ea3 n\u0103ng ph\u00e2n t\u00e1n nhanh v\u00e0 \u0111\u1ed3ng \u0111\u1ec1u trong nhi\u1ec1u h\u1ec7 s\u01a1n kh\u00e1c nhau, mang l\u1ea1i \u0111\u1ed9 che ph\u1ee7 (opacity) cao v\u00e0 \u0111\u1ed9 b\u1ec1n l\u00e3o h\u00f3a (aging resistance) t\u1ed1t.<\/p>","protected":false},"excerpt":{"rendered":"<p>Bersilion\u00ae RC-94 l\u00e0 titanium dioxide (TiO\u2082) d\u1ea1ng rutile, \u0111\u01b0\u1ee3c x\u1eed l\u00fd b\u1ec1 m\u1eb7t b\u1eb1ng alumina v\u00e0 zirconia, s\u1ea3n xu\u1ea5t theo quy tr\u00ecnh chloride.S\u1ea3n ph\u1ea9m c\u00f3 [&hellip;]<\/p>","protected":false},"featured_media":4305,"comment_status":"closed","ping_status":"closed","template":"","meta":{"site-sidebar-layout":"default","site-content-layout":"","ast-site-content-layout":"default","site-content-style":"default","site-sidebar-style":"default","ast-global-header-display":"","ast-banner-title-visibility":"","ast-main-header-display":"","ast-hfb-above-header-display":"","ast-hfb-below-header-display":"","ast-hfb-mobile-header-display":"","site-post-title":"","ast-breadcrumbs-content":"","ast-featured-img":"","footer-sml-layout":"","theme-transparent-header-meta":"default","adv-header-id-meta":"","stick-header-meta":"","header-above-stick-meta":"","header-main-stick-meta":"","header-below-stick-meta":"","astra-migrate-meta-layouts":"set","ast-page-background-enabled":"default","ast-page-background-meta":{"desktop":{"background-color":"var(--ast-global-color-4)","background-image":"","background-repeat":"repeat","background-position":"center center","background-size":"auto","background-attachment":"scroll","background-type":"","background-media":"","overlay-type":"","overlay-color":"","overlay-opacity":"","overlay-gradient":""},"tablet":{"background-color":"","background-image":"","background-repeat":"repeat","background-position":"center center","background-size":"auto","background-attachment":"scroll","background-type":"","background-media":"","overlay-type":"","overlay-color":"","overlay-opacity":"","overlay-gradient":""},"mobile":{"background-color":"","background-image":"","background-repeat":"repeat","background-position":"center center","background-size":"auto","background-attachment":"scroll","background-type":"","background-media":"","overlay-type":"","overlay-color":"","overlay-opacity":"","overlay-gradient":""}},"ast-content-background-meta":{"desktop":{"background-color":"var(--ast-global-color-5)","background-image":"","background-repeat":"repeat","background-position":"center center","background-size":"auto","background-attachment":"scroll","background-type":"","background-media":"","overlay-type":"","overlay-color":"","overlay-opacity":"","overlay-gradient":""},"tablet":{"background-color":"var(--ast-global-color-5)","background-image":"","background-repeat":"repeat","background-position":"center center","background-size":"auto","background-attachment":"scroll","background-type":"","background-media":"","overlay-type":"","overlay-color":"","overlay-opacity":"","overlay-gradient":""},"mobile":{"background-color":"var(--ast-global-color-5)","background-image":"","background-repeat":"repeat","background-position":"center center","background-size":"auto","background-attachment":"scroll","background-type":"","background-media":"","overlay-type":"","overlay-color":"","overlay-opacity":"","overlay-gradient":""}}},"product_brand":[],"product_cat":[142],"product_tag":[],"class_list":{"0":"post-4298","1":"product","2":"type-product","3":"status-publish","4":"has-post-thumbnail","6":"product_cat-bot-titan-dioxit","7":"desktop-align-left","8":"tablet-align-left","9":"mobile-align-left","10":"ast-product-gallery-layout-horizontal-slider","11":"ast-product-gallery-with-no-image","12":"ast-product-tabs-layout-distributed","14":"first","15":"instock","16":"shipping-taxable","17":"product-type-simple"},"_links":{"self":[{"href":"https:\/\/aktc.com.vn\/en\/wp-json\/wp\/v2\/product\/4298","targetHints":{"allow":["GET"]}}],"collection":[{"href":"https:\/\/aktc.com.vn\/en\/wp-json\/wp\/v2\/product"}],"about":[{"href":"https:\/\/aktc.com.vn\/en\/wp-json\/wp\/v2\/types\/product"}],"replies":[{"embeddable":true,"href":"https:\/\/aktc.com.vn\/en\/wp-json\/wp\/v2\/comments?post=4298"}],"wp:featuredmedia":[{"embeddable":true,"href":"https:\/\/aktc.com.vn\/en\/wp-json\/wp\/v2\/media\/4305"}],"wp:attachment":[{"href":"https:\/\/aktc.com.vn\/en\/wp-json\/wp\/v2\/media?parent=4298"}],"wp:term":[{"taxonomy":"product_brand","embeddable":true,"href":"https:\/\/aktc.com.vn\/en\/wp-json\/wp\/v2\/product_brand?post=4298"},{"taxonomy":"product_cat","embeddable":true,"href":"https:\/\/aktc.com.vn\/en\/wp-json\/wp\/v2\/product_cat?post=4298"},{"taxonomy":"product_tag","embeddable":true,"href":"https:\/\/aktc.com.vn\/en\/wp-json\/wp\/v2\/product_tag?post=4298"}],"curies":[{"name":"wp","href":"https:\/\/api.w.org\/{rel}","templated":true}]}}