{"id":4328,"date":"2025-10-24T11:02:11","date_gmt":"2025-10-24T04:02:11","guid":{"rendered":"https:\/\/aktc.com.vn\/?post_type=product&#038;p=4328"},"modified":"2025-12-26T10:15:30","modified_gmt":"2025-12-26T03:15:30","slug":"rdp-polymer-tang-bam-dinh-ligos-m-9760","status":"publish","type":"product","link":"https:\/\/aktc.com.vn\/en\/rdp-polymer-tang-bam-dinh-ligos-m-9760\/","title":{"rendered":"RDP-Polymer T\u0103ng B\u00e1m D\u00ednh LIGOS\u2122 M 9760"},"content":{"rendered":"<p>Th\u01b0\u01a1ng hi\u1ec7u: Trinseo ( M\u1ef9)<\/p>\n<p>Xu\u1ea5t x\u1ee9: USA ( nh\u00e0 m\u00e1y H\u00e0n Qu\u1ed1c, Trung Qu\u1ed1c, Indonesia)<\/p>\n<p>Lo\u1ea1i s\u1ea3n ph\u1ea9m: D\u1ea1ng b\u1ed9t m\u00e0u tr\u1eafng<\/p>\n<p>\u0110\u00f3ng g\u00f3i; 25\/kg<\/p>\n<p><strong>T\u00ednh n\u0103ng :<\/strong><\/p>\n<p>\u2013 T\u0103ng c\u01b0\u1eddng \u0111\u1ed9 b\u00e1m d\u00ednh, \u0111\u1ed9 d\u1ebbo cho s\u1ea3n ph\u1ea9m.<\/p>\n<p>\u2013 Kh\u1ea3 n\u0103ng ch\u1ecbu m\u00e0i m\u00f2n t\u1ed1t t\u1ea1o l\u1ef1c li\u00ean k\u1ebft tuy\u1ec7t v\u1eddi ch\u1ed1ng n\u1ee9t n\u1ebb.<\/p>\n<p>\u2013 T\u0103ng hi\u1ec7u qu\u1ea3 v\u1ec1 k\u1ef9 thu\u1eadt v\u00e0 c\u00f3 kh\u1ea3 n\u0103ng l\u00e0m gi\u1ea3m gi\u00e1 th\u00e0nh ph\u1ea9m.<\/p>\n<p>&nbsp;<\/p>","protected":false},"excerpt":{"rendered":"<p>Th\u01b0\u01a1ng hi\u1ec7u: Trinseo ( M\u1ef9) Xu\u1ea5t x\u1ee9: USA ( nh\u00e0 m\u00e1y H\u00e0n Qu\u1ed1c, Trung Qu\u1ed1c, Indonesia) Lo\u1ea1i s\u1ea3n ph\u1ea9m: D\u1ea1ng b\u1ed9t m\u00e0u tr\u1eafng \u0110\u00f3ng g\u00f3i; [&hellip;]<\/p>","protected":false},"featured_media":4329,"comment_status":"closed","ping_status":"closed","template":"","meta":{"site-sidebar-layout":"default","site-content-layout":"","ast-site-content-layout":"default","site-content-style":"default","site-sidebar-style":"default","ast-global-header-display":"","ast-banner-title-visibility":"","ast-main-header-display":"","ast-hfb-above-header-display":"","ast-hfb-below-header-display":"","ast-hfb-mobile-header-display":"","site-post-title":"","ast-breadcrumbs-content":"","ast-featured-img":"","footer-sml-layout":"","theme-transparent-header-meta":"default","adv-header-id-meta":"","stick-header-meta":"","header-above-stick-meta":"","header-main-stick-meta":"","header-below-stick-meta":"","astra-migrate-meta-layouts":"set","ast-page-background-enabled":"default","ast-page-background-meta":{"desktop":{"background-color":"var(--ast-global-color-4)","background-image":"","background-repeat":"repeat","background-position":"center center","background-size":"auto","background-attachment":"scroll","background-type":"","background-media":"","overlay-type":"","overlay-color":"","overlay-opacity":"","overlay-gradient":""},"tablet":{"background-color":"","background-image":"","background-repeat":"repeat","background-position":"center center","background-size":"auto","background-attachment":"scroll","background-type":"","background-media":"","overlay-type":"","overlay-color":"","overlay-opacity":"","overlay-gradient":""},"mobile":{"background-color":"","background-image":"","background-repeat":"repeat","background-position":"center center","background-size":"auto","background-attachment":"scroll","background-type":"","background-media":"","overlay-type":"","overlay-color":"","overlay-opacity":"","overlay-gradient":""}},"ast-content-background-meta":{"desktop":{"background-color":"var(--ast-global-color-5)","background-image":"","background-repeat":"repeat","background-position":"center center","background-size":"auto","background-attachment":"scroll","background-type":"","background-media":"","overlay-type":"","overlay-color":"","overlay-opacity":"","overlay-gradient":""},"tablet":{"background-color":"var(--ast-global-color-5)","background-image":"","background-repeat":"repeat","background-position":"center center","background-size":"auto","background-attachment":"scroll","background-type":"","background-media":"","overlay-type":"","overlay-color":"","overlay-opacity":"","overlay-gradient":""},"mobile":{"background-color":"var(--ast-global-color-5)","background-image":"","background-repeat":"repeat","background-position":"center center","background-size":"auto","background-attachment":"scroll","background-type":"","background-media":"","overlay-type":"","overlay-color":"","overlay-opacity":"","overlay-gradient":""}}},"product_brand":[],"product_cat":[128],"product_tag":[],"class_list":{"0":"post-4328","1":"product","2":"type-product","3":"status-publish","4":"has-post-thumbnail","6":"product_cat-hoa-chat-chong-tham","7":"desktop-align-left","8":"tablet-align-left","9":"mobile-align-left","10":"ast-product-gallery-layout-horizontal-slider","11":"ast-product-gallery-with-no-image","12":"ast-product-tabs-layout-distributed","14":"first","15":"instock","16":"shipping-taxable","17":"product-type-simple"},"_links":{"self":[{"href":"https:\/\/aktc.com.vn\/en\/wp-json\/wp\/v2\/product\/4328","targetHints":{"allow":["GET"]}}],"collection":[{"href":"https:\/\/aktc.com.vn\/en\/wp-json\/wp\/v2\/product"}],"about":[{"href":"https:\/\/aktc.com.vn\/en\/wp-json\/wp\/v2\/types\/product"}],"replies":[{"embeddable":true,"href":"https:\/\/aktc.com.vn\/en\/wp-json\/wp\/v2\/comments?post=4328"}],"wp:featuredmedia":[{"embeddable":true,"href":"https:\/\/aktc.com.vn\/en\/wp-json\/wp\/v2\/media\/4329"}],"wp:attachment":[{"href":"https:\/\/aktc.com.vn\/en\/wp-json\/wp\/v2\/media?parent=4328"}],"wp:term":[{"taxonomy":"product_brand","embeddable":true,"href":"https:\/\/aktc.com.vn\/en\/wp-json\/wp\/v2\/product_brand?post=4328"},{"taxonomy":"product_cat","embeddable":true,"href":"https:\/\/aktc.com.vn\/en\/wp-json\/wp\/v2\/product_cat?post=4328"},{"taxonomy":"product_tag","embeddable":true,"href":"https:\/\/aktc.com.vn\/en\/wp-json\/wp\/v2\/product_tag?post=4328"}],"curies":[{"name":"wp","href":"https:\/\/api.w.org\/{rel}","templated":true}]}}