{"id":4334,"date":"2025-10-24T11:21:20","date_gmt":"2025-10-24T04:21:20","guid":{"rendered":"https:\/\/aktc.com.vn\/?post_type=product&#038;p=4334"},"modified":"2026-02-06T14:58:48","modified_gmt":"2026-02-06T07:58:48","slug":"hpmc-phu-gia-tao-dac-meicell-gmd-1012","status":"publish","type":"product","link":"https:\/\/aktc.com.vn\/en\/hpmc-phu-gia-tao-dac-meicell-gmd-1012\/","title":{"rendered":"HPMC-Ph\u1ee5 gia t\u1ea1o \u0111\u1eb7c MEICELL\u00ae GMD-1012 cho keo d\u00e1n g\u1ea1ch"},"content":{"rendered":"<p>Th\u01b0\u01a1ng hi\u1ec7u:\u00a0<span class=\"a_GcMg font-feature-liga-off font-feature-clig-off font-feature-calt-off text-decoration-none text-strikethrough-none\">DK Finechem, H\u00e0n Qu\u1ed1c<\/span><\/p>\n<p>Xu\u1ea5t x\u1ee9: H\u00e0n qu\u1ed1c ( nh\u00e0 m\u00e1y H\u00e0n Qu\u1ed1c)<\/p>\n<p>Lo\u1ea1i s\u1ea3n ph\u1ea9m: D\u1ea1ng b\u1ed9t m\u00e0u tr\u1eafng<\/p>\n<p>\u0110\u00f3ng g\u00f3i; 25\/kg<\/p>\n<p><strong>T\u00ednh n\u0103ng :<\/strong><\/p>\n<p>\u2013\u00a0<span class=\"a_GcMg font-feature-liga-off font-feature-clig-off font-feature-calt-off text-decoration-none text-strikethrough-none\">D\u1ec5 pha tr\u1ed9n, b\u1ec1 m\u1eb7t m\u1ecbn, \u0111\u1ed9 ph\u1ee7 cao, th\u1eddi gian m\u1edf d\u00e0i.<\/span><\/p>\n<p><strong>\u1ee8ng d\u1ee5ng :<\/strong><\/p>\n<p>\u2013 <span class=\"a_GcMg font-feature-liga-off font-feature-clig-off font-feature-calt-off text-decoration-none text-strikethrough-none\">Keo d\u00e1n g\u1ea1ch C1T \/ C1TE, V\u1eefa tr\u00e1t<\/span><\/p>","protected":false},"excerpt":{"rendered":"<p>Th\u01b0\u01a1ng hi\u1ec7u:\u00a0DK Finechem, H\u00e0n Qu\u1ed1c Xu\u1ea5t x\u1ee9: H\u00e0n qu\u1ed1c ( nh\u00e0 m\u00e1y H\u00e0n Qu\u1ed1c) Lo\u1ea1i s\u1ea3n ph\u1ea9m: D\u1ea1ng b\u1ed9t m\u00e0u tr\u1eafng \u0110\u00f3ng g\u00f3i; 25\/kg T\u00ednh [&hellip;]<\/p>","protected":false},"featured_media":4378,"comment_status":"closed","ping_status":"closed","template":"","meta":{"site-sidebar-layout":"default","site-content-layout":"","ast-site-content-layout":"default","site-content-style":"default","site-sidebar-style":"default","ast-global-header-display":"","ast-banner-title-visibility":"","ast-main-header-display":"","ast-hfb-above-header-display":"","ast-hfb-below-header-display":"","ast-hfb-mobile-header-display":"","site-post-title":"","ast-breadcrumbs-content":"","ast-featured-img":"","footer-sml-layout":"","theme-transparent-header-meta":"default","adv-header-id-meta":"","stick-header-meta":"","header-above-stick-meta":"","header-main-stick-meta":"","header-below-stick-meta":"","astra-migrate-meta-layouts":"set","ast-page-background-enabled":"default","ast-page-background-meta":{"desktop":{"background-color":"var(--ast-global-color-4)","background-image":"","background-repeat":"repeat","background-position":"center center","background-size":"auto","background-attachment":"scroll","background-type":"","background-media":"","overlay-type":"","overlay-color":"","overlay-opacity":"","overlay-gradient":""},"tablet":{"background-color":"","background-image":"","background-repeat":"repeat","background-position":"center center","background-size":"auto","background-attachment":"scroll","background-type":"","background-media":"","overlay-type":"","overlay-color":"","overlay-opacity":"","overlay-gradient":""},"mobile":{"background-color":"","background-image":"","background-repeat":"repeat","background-position":"center center","background-size":"auto","background-attachment":"scroll","background-type":"","background-media":"","overlay-type":"","overlay-color":"","overlay-opacity":"","overlay-gradient":""}},"ast-content-background-meta":{"desktop":{"background-color":"var(--ast-global-color-5)","background-image":"","background-repeat":"repeat","background-position":"center center","background-size":"auto","background-attachment":"scroll","background-type":"","background-media":"","overlay-type":"","overlay-color":"","overlay-opacity":"","overlay-gradient":""},"tablet":{"background-color":"var(--ast-global-color-5)","background-image":"","background-repeat":"repeat","background-position":"center center","background-size":"auto","background-attachment":"scroll","background-type":"","background-media":"","overlay-type":"","overlay-color":"","overlay-opacity":"","overlay-gradient":""},"mobile":{"background-color":"var(--ast-global-color-5)","background-image":"","background-repeat":"repeat","background-position":"center center","background-size":"auto","background-attachment":"scroll","background-type":"","background-media":"","overlay-type":"","overlay-color":"","overlay-opacity":"","overlay-gradient":""}}},"product_brand":[],"product_cat":[128],"product_tag":[],"class_list":{"0":"post-4334","1":"product","2":"type-product","3":"status-publish","4":"has-post-thumbnail","6":"product_cat-hoa-chat-chong-tham","7":"desktop-align-left","8":"tablet-align-left","9":"mobile-align-left","10":"ast-product-gallery-layout-horizontal-slider","11":"ast-product-gallery-with-no-image","12":"ast-product-tabs-layout-distributed","14":"first","15":"instock","16":"shipping-taxable","17":"product-type-simple"},"_links":{"self":[{"href":"https:\/\/aktc.com.vn\/en\/wp-json\/wp\/v2\/product\/4334","targetHints":{"allow":["GET"]}}],"collection":[{"href":"https:\/\/aktc.com.vn\/en\/wp-json\/wp\/v2\/product"}],"about":[{"href":"https:\/\/aktc.com.vn\/en\/wp-json\/wp\/v2\/types\/product"}],"replies":[{"embeddable":true,"href":"https:\/\/aktc.com.vn\/en\/wp-json\/wp\/v2\/comments?post=4334"}],"wp:featuredmedia":[{"embeddable":true,"href":"https:\/\/aktc.com.vn\/en\/wp-json\/wp\/v2\/media\/4378"}],"wp:attachment":[{"href":"https:\/\/aktc.com.vn\/en\/wp-json\/wp\/v2\/media?parent=4334"}],"wp:term":[{"taxonomy":"product_brand","embeddable":true,"href":"https:\/\/aktc.com.vn\/en\/wp-json\/wp\/v2\/product_brand?post=4334"},{"taxonomy":"product_cat","embeddable":true,"href":"https:\/\/aktc.com.vn\/en\/wp-json\/wp\/v2\/product_cat?post=4334"},{"taxonomy":"product_tag","embeddable":true,"href":"https:\/\/aktc.com.vn\/en\/wp-json\/wp\/v2\/product_tag?post=4334"}],"curies":[{"name":"wp","href":"https:\/\/api.w.org\/{rel}","templated":true}]}}