{"id":4340,"date":"2025-10-24T11:35:46","date_gmt":"2025-10-24T04:35:46","guid":{"rendered":"https:\/\/aktc.com.vn\/?post_type=product&#038;p=4340"},"modified":"2025-10-24T11:36:09","modified_gmt":"2025-10-24T04:36:09","slug":"bersilion-rc-70","status":"publish","type":"product","link":"https:\/\/aktc.com.vn\/en\/bersilion-rc-70\/","title":{"rendered":"Bersilion RC-70"},"content":{"rendered":"<p><strong data-start=\"200\" data-end=\"220\">Bersilion\u00ae RC-70<\/strong> <strong>l<\/strong>\u00e0 \u00a0titanium dioxide (TiO\u2082) d\u1ea1ng rutile, \u0111\u01b0\u1ee3c x\u1eed l\u00fd b\u1ec1 m\u1eb7t b\u1eb1ng alumina v\u00e0 zirconia, s\u1ea3n xu\u1ea5t theo quy tr\u00ecnh sulfate.<br data-start=\"356\" data-end=\"359\" \/>RC-70 l\u00e0 lo\u1ea1i s\u1eafc t\u1ed1 \u0111a ch\u1ee9c n\u0103ng v\u00e0 d\u00f9ng cho nhi\u1ec1u m\u1ee5c \u0111\u00edch (multi-functional, general-purpose pigment), \u0111\u1eb7c bi\u1ec7t ph\u00f9 h\u1ee3p cho s\u01a1n c\u00f4ng nghi\u1ec7p v\u00e0 m\u1ef1c in g\u1ed1c dung m\u00f4i, nh\u1edd t\u00ednh ch\u1ea5t \u01b0a n\u01b0\u1edbc v\u00e0 \u01b0a d\u1ea7u (hydrophilic &amp; lipophilic functions).<br data-start=\"607\" data-end=\"610\" \/>S\u1ea3n ph\u1ea9m c\u00f3 \u0111\u1ed9 b\u1ec1n th\u1eddi ti\u1ebft cao (high weatherability), t\u00ednh ph\u00e2n t\u00e1n t\u1ed1t (high dispersibility) v\u00e0 \u0111\u1ed9 che ph\u1ee7 m\u1ea1nh (excellent hiding power).<\/p>","protected":false},"excerpt":{"rendered":"<p>Bersilion\u00ae RC-70 l\u00e0 \u00a0titanium dioxide (TiO\u2082) d\u1ea1ng rutile, \u0111\u01b0\u1ee3c x\u1eed l\u00fd b\u1ec1 m\u1eb7t b\u1eb1ng alumina v\u00e0 zirconia, s\u1ea3n xu\u1ea5t theo quy tr\u00ecnh sulfate.RC-70 l\u00e0 lo\u1ea1i [&hellip;]<\/p>","protected":false},"featured_media":4338,"comment_status":"closed","ping_status":"closed","template":"","meta":{"site-sidebar-layout":"default","site-content-layout":"","ast-site-content-layout":"default","site-content-style":"default","site-sidebar-style":"default","ast-global-header-display":"","ast-banner-title-visibility":"","ast-main-header-display":"","ast-hfb-above-header-display":"","ast-hfb-below-header-display":"","ast-hfb-mobile-header-display":"","site-post-title":"","ast-breadcrumbs-content":"","ast-featured-img":"","footer-sml-layout":"","theme-transparent-header-meta":"default","adv-header-id-meta":"","stick-header-meta":"","header-above-stick-meta":"","header-main-stick-meta":"","header-below-stick-meta":"","astra-migrate-meta-layouts":"set","ast-page-background-enabled":"default","ast-page-background-meta":{"desktop":{"background-color":"var(--ast-global-color-4)","background-image":"","background-repeat":"repeat","background-position":"center center","background-size":"auto","background-attachment":"scroll","background-type":"","background-media":"","overlay-type":"","overlay-color":"","overlay-opacity":"","overlay-gradient":""},"tablet":{"background-color":"","background-image":"","background-repeat":"repeat","background-position":"center center","background-size":"auto","background-attachment":"scroll","background-type":"","background-media":"","overlay-type":"","overlay-color":"","overlay-opacity":"","overlay-gradient":""},"mobile":{"background-color":"","background-image":"","background-repeat":"repeat","background-position":"center center","background-size":"auto","background-attachment":"scroll","background-type":"","background-media":"","overlay-type":"","overlay-color":"","overlay-opacity":"","overlay-gradient":""}},"ast-content-background-meta":{"desktop":{"background-color":"var(--ast-global-color-5)","background-image":"","background-repeat":"repeat","background-position":"center center","background-size":"auto","background-attachment":"scroll","background-type":"","background-media":"","overlay-type":"","overlay-color":"","overlay-opacity":"","overlay-gradient":""},"tablet":{"background-color":"var(--ast-global-color-5)","background-image":"","background-repeat":"repeat","background-position":"center center","background-size":"auto","background-attachment":"scroll","background-type":"","background-media":"","overlay-type":"","overlay-color":"","overlay-opacity":"","overlay-gradient":""},"mobile":{"background-color":"var(--ast-global-color-5)","background-image":"","background-repeat":"repeat","background-position":"center center","background-size":"auto","background-attachment":"scroll","background-type":"","background-media":"","overlay-type":"","overlay-color":"","overlay-opacity":"","overlay-gradient":""}}},"product_brand":[],"product_cat":[142,20],"product_tag":[],"class_list":{"0":"post-4340","1":"product","2":"type-product","3":"status-publish","4":"has-post-thumbnail","6":"product_cat-bot-titan-dioxit","7":"product_cat-san-pham-khac","8":"desktop-align-left","9":"tablet-align-left","10":"mobile-align-left","11":"ast-product-gallery-layout-horizontal-slider","12":"ast-product-gallery-with-no-image","13":"ast-product-tabs-layout-distributed","15":"first","16":"instock","17":"shipping-taxable","18":"product-type-simple"},"_links":{"self":[{"href":"https:\/\/aktc.com.vn\/en\/wp-json\/wp\/v2\/product\/4340","targetHints":{"allow":["GET"]}}],"collection":[{"href":"https:\/\/aktc.com.vn\/en\/wp-json\/wp\/v2\/product"}],"about":[{"href":"https:\/\/aktc.com.vn\/en\/wp-json\/wp\/v2\/types\/product"}],"replies":[{"embeddable":true,"href":"https:\/\/aktc.com.vn\/en\/wp-json\/wp\/v2\/comments?post=4340"}],"wp:featuredmedia":[{"embeddable":true,"href":"https:\/\/aktc.com.vn\/en\/wp-json\/wp\/v2\/media\/4338"}],"wp:attachment":[{"href":"https:\/\/aktc.com.vn\/en\/wp-json\/wp\/v2\/media?parent=4340"}],"wp:term":[{"taxonomy":"product_brand","embeddable":true,"href":"https:\/\/aktc.com.vn\/en\/wp-json\/wp\/v2\/product_brand?post=4340"},{"taxonomy":"product_cat","embeddable":true,"href":"https:\/\/aktc.com.vn\/en\/wp-json\/wp\/v2\/product_cat?post=4340"},{"taxonomy":"product_tag","embeddable":true,"href":"https:\/\/aktc.com.vn\/en\/wp-json\/wp\/v2\/product_tag?post=4340"}],"curies":[{"name":"wp","href":"https:\/\/api.w.org\/{rel}","templated":true}]}}