{"id":4433,"date":"2026-04-13T15:44:22","date_gmt":"2026-04-13T08:44:22","guid":{"rendered":"https:\/\/aktc.com.vn\/?post_type=product&#038;p=4433"},"modified":"2026-04-17T09:47:49","modified_gmt":"2026-04-17T02:47:49","slug":"polyaspartic-winpurea-142","status":"publish","type":"product","link":"https:\/\/aktc.com.vn\/en\/polyaspartic-winpurea-142\/","title":{"rendered":"Polyaspartic WINPUREA\u00ae 142"},"content":{"rendered":"<p>&#8211; Nh\u00e0 s\u1ea3n xu\u1ea5t: Winbond (Trung Qu\u1ed1c)<\/p>\n<p>&#8211; T\u00ednh n\u0103ng:<\/p>\n<p>H\u00e0m l\u01b0\u1ee3ng r\u1eafn c\u1ef1c cao ~97%<\/p>\n<p>Kh\u00f4 nhanh v\u01b0\u1ee3t tr\u1ed9i<\/p>\n<p>\u0110\u1ed9 b\u1ec1n cao, ch\u1ed1ng ch\u1ecbu th\u1eddi ti\u1ebft t\u1ed1t<\/p>\n<p>&#8211; \u1ee8ng d\u1ee5ng: L\u1edbp ph\u1ee7 ch\u1ed1ng th\u1ea5m n\u01b0\u1edbc, ch\u1ed1ng \u0103n m\u00f2n, s\u00e0n nh\u00e0, l\u1edbp ph\u1ee7 cho c\u00e1nh qu\u1ea1t gi\u00f3.<\/p>","protected":false},"excerpt":{"rendered":"<p>&#8211; Nh\u00e0 s\u1ea3n xu\u1ea5t: Winbond (Trung Qu\u1ed1c) &#8211; T\u00ednh n\u0103ng: H\u00e0m l\u01b0\u1ee3ng r\u1eafn c\u1ef1c cao ~97% Kh\u00f4 nhanh v\u01b0\u1ee3t tr\u1ed9i \u0110\u1ed9 b\u1ec1n cao, ch\u1ed1ng ch\u1ecbu [&hellip;]<\/p>","protected":false},"featured_media":4133,"comment_status":"closed","ping_status":"closed","template":"","meta":{"site-sidebar-layout":"default","site-content-layout":"","ast-site-content-layout":"default","site-content-style":"default","site-sidebar-style":"default","ast-global-header-display":"","ast-banner-title-visibility":"","ast-main-header-display":"","ast-hfb-above-header-display":"","ast-hfb-below-header-display":"","ast-hfb-mobile-header-display":"","site-post-title":"","ast-breadcrumbs-content":"","ast-featured-img":"","footer-sml-layout":"","theme-transparent-header-meta":"default","adv-header-id-meta":"","stick-header-meta":"","header-above-stick-meta":"","header-main-stick-meta":"","header-below-stick-meta":"","astra-migrate-meta-layouts":"set","ast-page-background-enabled":"default","ast-page-background-meta":{"desktop":{"background-color":"var(--ast-global-color-4)","background-image":"","background-repeat":"repeat","background-position":"center center","background-size":"auto","background-attachment":"scroll","background-type":"","background-media":"","overlay-type":"","overlay-color":"","overlay-opacity":"","overlay-gradient":""},"tablet":{"background-color":"","background-image":"","background-repeat":"repeat","background-position":"center center","background-size":"auto","background-attachment":"scroll","background-type":"","background-media":"","overlay-type":"","overlay-color":"","overlay-opacity":"","overlay-gradient":""},"mobile":{"background-color":"","background-image":"","background-repeat":"repeat","background-position":"center center","background-size":"auto","background-attachment":"scroll","background-type":"","background-media":"","overlay-type":"","overlay-color":"","overlay-opacity":"","overlay-gradient":""}},"ast-content-background-meta":{"desktop":{"background-color":"var(--ast-global-color-5)","background-image":"","background-repeat":"repeat","background-position":"center center","background-size":"auto","background-attachment":"scroll","background-type":"","background-media":"","overlay-type":"","overlay-color":"","overlay-opacity":"","overlay-gradient":""},"tablet":{"background-color":"var(--ast-global-color-5)","background-image":"","background-repeat":"repeat","background-position":"center center","background-size":"auto","background-attachment":"scroll","background-type":"","background-media":"","overlay-type":"","overlay-color":"","overlay-opacity":"","overlay-gradient":""},"mobile":{"background-color":"var(--ast-global-color-5)","background-image":"","background-repeat":"repeat","background-position":"center center","background-size":"auto","background-attachment":"scroll","background-type":"","background-media":"","overlay-type":"","overlay-color":"","overlay-opacity":"","overlay-gradient":""}}},"product_brand":[],"product_cat":[129],"product_tag":[],"class_list":{"0":"post-4433","1":"product","2":"type-product","3":"status-publish","4":"has-post-thumbnail","6":"product_cat-hoa-chat-nganh-son-cong-nghiep","7":"desktop-align-left","8":"tablet-align-left","9":"mobile-align-left","10":"ast-product-gallery-layout-horizontal-slider","11":"ast-product-gallery-with-no-image","12":"ast-product-tabs-layout-distributed","14":"first","15":"instock","16":"shipping-taxable","17":"product-type-simple"},"_links":{"self":[{"href":"https:\/\/aktc.com.vn\/en\/wp-json\/wp\/v2\/product\/4433","targetHints":{"allow":["GET"]}}],"collection":[{"href":"https:\/\/aktc.com.vn\/en\/wp-json\/wp\/v2\/product"}],"about":[{"href":"https:\/\/aktc.com.vn\/en\/wp-json\/wp\/v2\/types\/product"}],"replies":[{"embeddable":true,"href":"https:\/\/aktc.com.vn\/en\/wp-json\/wp\/v2\/comments?post=4433"}],"wp:featuredmedia":[{"embeddable":true,"href":"https:\/\/aktc.com.vn\/en\/wp-json\/wp\/v2\/media\/4133"}],"wp:attachment":[{"href":"https:\/\/aktc.com.vn\/en\/wp-json\/wp\/v2\/media?parent=4433"}],"wp:term":[{"taxonomy":"product_brand","embeddable":true,"href":"https:\/\/aktc.com.vn\/en\/wp-json\/wp\/v2\/product_brand?post=4433"},{"taxonomy":"product_cat","embeddable":true,"href":"https:\/\/aktc.com.vn\/en\/wp-json\/wp\/v2\/product_cat?post=4433"},{"taxonomy":"product_tag","embeddable":true,"href":"https:\/\/aktc.com.vn\/en\/wp-json\/wp\/v2\/product_tag?post=4433"}],"curies":[{"name":"wp","href":"https:\/\/api.w.org\/{rel}","templated":true}]}}