{"id":4435,"date":"2026-04-13T15:46:42","date_gmt":"2026-04-13T08:46:42","guid":{"rendered":"https:\/\/aktc.com.vn\/?post_type=product&#038;p=4435"},"modified":"2026-04-13T15:46:42","modified_gmt":"2026-04-13T08:46:42","slug":"mowilith-ldm-6978-nhua-acrylic","status":"publish","type":"product","link":"https:\/\/aktc.com.vn\/en\/mowilith-ldm-6978-nhua-acrylic\/","title":{"rendered":"Mowilith LDM 6978 \u2013 Nh\u1ef1a acrylic"},"content":{"rendered":"<p>&#8211; Nh\u00e0 s\u1ea3n xu\u1ea5t: Archroma (Th\u1ee5y S\u1ef9)<\/p>\n<p>&#8211; T\u00ednh n\u0103ng:<\/p>\n<p>\u0110\u1ed9 b\u00f3ng cao &amp; gi\u1eef b\u00f3ng l\u00e2u d\u00e0i<br \/>\nB\u00e1m d\u00ednh c\u1ef1c t\u1ed1t<br \/>\nCh\u1ed1ng v\u00e0ng v\u01b0\u1ee3t tr\u1ed9i so v\u1edbi h\u1ec7 alkyd g\u1ed1c dung m\u00f4i<br \/>\nT\u01b0\u01a1ng th\u00edch t\u1ed1t v\u1edbi ph\u1ee5 gia ch\u1ed1ng g\u1ec9 &amp; ch\u1ed1ng \u0103n m\u00f2n<\/p>\n<p>&#8211; \u1ee8ng d\u1ee5ng: s\u01a1n DTM<\/p>","protected":false},"excerpt":{"rendered":"<p>&#8211; Nh\u00e0 s\u1ea3n xu\u1ea5t: Archroma (Th\u1ee5y S\u1ef9) &#8211; T\u00ednh n\u0103ng: \u0110\u1ed9 b\u00f3ng cao &amp; gi\u1eef b\u00f3ng l\u00e2u d\u00e0i B\u00e1m d\u00ednh c\u1ef1c t\u1ed1t Ch\u1ed1ng v\u00e0ng v\u01b0\u1ee3t [&hellip;]<\/p>","protected":false},"featured_media":4133,"comment_status":"closed","ping_status":"closed","template":"","meta":{"site-sidebar-layout":"default","site-content-layout":"","ast-site-content-layout":"default","site-content-style":"default","site-sidebar-style":"default","ast-global-header-display":"","ast-banner-title-visibility":"","ast-main-header-display":"","ast-hfb-above-header-display":"","ast-hfb-below-header-display":"","ast-hfb-mobile-header-display":"","site-post-title":"","ast-breadcrumbs-content":"","ast-featured-img":"","footer-sml-layout":"","theme-transparent-header-meta":"default","adv-header-id-meta":"","stick-header-meta":"","header-above-stick-meta":"","header-main-stick-meta":"","header-below-stick-meta":"","astra-migrate-meta-layouts":"set","ast-page-background-enabled":"default","ast-page-background-meta":{"desktop":{"background-color":"var(--ast-global-color-4)","background-image":"","background-repeat":"repeat","background-position":"center center","background-size":"auto","background-attachment":"scroll","background-type":"","background-media":"","overlay-type":"","overlay-color":"","overlay-opacity":"","overlay-gradient":""},"tablet":{"background-color":"","background-image":"","background-repeat":"repeat","background-position":"center center","background-size":"auto","background-attachment":"scroll","background-type":"","background-media":"","overlay-type":"","overlay-color":"","overlay-opacity":"","overlay-gradient":""},"mobile":{"background-color":"","background-image":"","background-repeat":"repeat","background-position":"center center","background-size":"auto","background-attachment":"scroll","background-type":"","background-media":"","overlay-type":"","overlay-color":"","overlay-opacity":"","overlay-gradient":""}},"ast-content-background-meta":{"desktop":{"background-color":"var(--ast-global-color-5)","background-image":"","background-repeat":"repeat","background-position":"center center","background-size":"auto","background-attachment":"scroll","background-type":"","background-media":"","overlay-type":"","overlay-color":"","overlay-opacity":"","overlay-gradient":""},"tablet":{"background-color":"var(--ast-global-color-5)","background-image":"","background-repeat":"repeat","background-position":"center center","background-size":"auto","background-attachment":"scroll","background-type":"","background-media":"","overlay-type":"","overlay-color":"","overlay-opacity":"","overlay-gradient":""},"mobile":{"background-color":"var(--ast-global-color-5)","background-image":"","background-repeat":"repeat","background-position":"center center","background-size":"auto","background-attachment":"scroll","background-type":"","background-media":"","overlay-type":"","overlay-color":"","overlay-opacity":"","overlay-gradient":""}}},"product_brand":[],"product_cat":[129],"product_tag":[],"class_list":{"0":"post-4435","1":"product","2":"type-product","3":"status-publish","4":"has-post-thumbnail","6":"product_cat-hoa-chat-nganh-son-cong-nghiep","7":"desktop-align-left","8":"tablet-align-left","9":"mobile-align-left","10":"ast-product-gallery-layout-horizontal-slider","11":"ast-product-gallery-with-no-image","12":"ast-product-tabs-layout-distributed","14":"first","15":"instock","16":"shipping-taxable","17":"product-type-simple"},"_links":{"self":[{"href":"https:\/\/aktc.com.vn\/en\/wp-json\/wp\/v2\/product\/4435","targetHints":{"allow":["GET"]}}],"collection":[{"href":"https:\/\/aktc.com.vn\/en\/wp-json\/wp\/v2\/product"}],"about":[{"href":"https:\/\/aktc.com.vn\/en\/wp-json\/wp\/v2\/types\/product"}],"replies":[{"embeddable":true,"href":"https:\/\/aktc.com.vn\/en\/wp-json\/wp\/v2\/comments?post=4435"}],"wp:featuredmedia":[{"embeddable":true,"href":"https:\/\/aktc.com.vn\/en\/wp-json\/wp\/v2\/media\/4133"}],"wp:attachment":[{"href":"https:\/\/aktc.com.vn\/en\/wp-json\/wp\/v2\/media?parent=4435"}],"wp:term":[{"taxonomy":"product_brand","embeddable":true,"href":"https:\/\/aktc.com.vn\/en\/wp-json\/wp\/v2\/product_brand?post=4435"},{"taxonomy":"product_cat","embeddable":true,"href":"https:\/\/aktc.com.vn\/en\/wp-json\/wp\/v2\/product_cat?post=4435"},{"taxonomy":"product_tag","embeddable":true,"href":"https:\/\/aktc.com.vn\/en\/wp-json\/wp\/v2\/product_tag?post=4435"}],"curies":[{"name":"wp","href":"https:\/\/api.w.org\/{rel}","templated":true}]}}