{"id":4447,"date":"2026-04-17T09:38:58","date_gmt":"2026-04-17T02:38:58","guid":{"rendered":"https:\/\/aktc.com.vn\/?post_type=product&#038;p=4447"},"modified":"2026-04-17T09:39:11","modified_gmt":"2026-04-17T02:39:11","slug":"wincure-5139","status":"publish","type":"product","link":"https:\/\/aktc.com.vn\/en\/wincure-5139\/","title":{"rendered":"WINCURE 5139"},"content":{"rendered":"<p>&#8211; Xu\u1ea5t x\u1ee9: Trung Qu\u1ed1c (Winbond Materials Co., Ltd.)<\/p>\n<p>&#8211; T\u00ednh n\u0103ng: Ch\u1ea5t \u0111\u00f3ng r\u1eafn epoxy g\u1ed1c n\u01b0\u1edbc (waterborne amine), kh\u00f4ng ch\u1ee9a dung m\u00f4i h\u1eefu c\u01a1 (Zero VOC), h\u00e0m l\u01b0\u1ee3ng r\u1eafn ~50% trong n\u01b0\u1edbc. Cho m\u00e0ng s\u01a1n kh\u00f4 nhanh, \u0111\u1ed9 b\u00f3ng cao, b\u00e1m d\u00ednh t\u1ed1t v\u00e0 c\u00f3 kh\u1ea3 n\u0103ng tho\u00e1t \u1ea9m (breathable).<\/p>\n<p>&#8211; \u1ee8ng d\u1ee5ng: Ph\u00f9 h\u1ee3p cho s\u01a1n epoxy g\u1ed1c n\u01b0\u1edbc, keo d\u00e1n Zero-VOC v\u00e0 c\u00e1c h\u1ec7 s\u01a1n c\u00f4ng tr\u00ecnh d\u00e2n d\u1ee5ng. &#8212; \u0110\u00f3ng g\u00f3i: Drum (200Kg net)<\/p>","protected":false},"excerpt":{"rendered":"<p>&#8211; Xu\u1ea5t x\u1ee9: Trung Qu\u1ed1c (Winbond Materials Co., Ltd.) &#8211; T\u00ednh n\u0103ng: Ch\u1ea5t \u0111\u00f3ng r\u1eafn epoxy g\u1ed1c n\u01b0\u1edbc (waterborne amine), kh\u00f4ng ch\u1ee9a dung m\u00f4i h\u1eefu [&hellip;]<\/p>","protected":false},"featured_media":4160,"comment_status":"closed","ping_status":"closed","template":"","meta":{"site-sidebar-layout":"default","site-content-layout":"","ast-site-content-layout":"default","site-content-style":"default","site-sidebar-style":"default","ast-global-header-display":"","ast-banner-title-visibility":"","ast-main-header-display":"","ast-hfb-above-header-display":"","ast-hfb-below-header-display":"","ast-hfb-mobile-header-display":"","site-post-title":"","ast-breadcrumbs-content":"","ast-featured-img":"","footer-sml-layout":"","theme-transparent-header-meta":"default","adv-header-id-meta":"","stick-header-meta":"","header-above-stick-meta":"","header-main-stick-meta":"","header-below-stick-meta":"","astra-migrate-meta-layouts":"set","ast-page-background-enabled":"default","ast-page-background-meta":{"desktop":{"background-color":"var(--ast-global-color-4)","background-image":"","background-repeat":"repeat","background-position":"center center","background-size":"auto","background-attachment":"scroll","background-type":"","background-media":"","overlay-type":"","overlay-color":"","overlay-opacity":"","overlay-gradient":""},"tablet":{"background-color":"","background-image":"","background-repeat":"repeat","background-position":"center center","background-size":"auto","background-attachment":"scroll","background-type":"","background-media":"","overlay-type":"","overlay-color":"","overlay-opacity":"","overlay-gradient":""},"mobile":{"background-color":"","background-image":"","background-repeat":"repeat","background-position":"center center","background-size":"auto","background-attachment":"scroll","background-type":"","background-media":"","overlay-type":"","overlay-color":"","overlay-opacity":"","overlay-gradient":""}},"ast-content-background-meta":{"desktop":{"background-color":"var(--ast-global-color-5)","background-image":"","background-repeat":"repeat","background-position":"center center","background-size":"auto","background-attachment":"scroll","background-type":"","background-media":"","overlay-type":"","overlay-color":"","overlay-opacity":"","overlay-gradient":""},"tablet":{"background-color":"var(--ast-global-color-5)","background-image":"","background-repeat":"repeat","background-position":"center center","background-size":"auto","background-attachment":"scroll","background-type":"","background-media":"","overlay-type":"","overlay-color":"","overlay-opacity":"","overlay-gradient":""},"mobile":{"background-color":"var(--ast-global-color-5)","background-image":"","background-repeat":"repeat","background-position":"center center","background-size":"auto","background-attachment":"scroll","background-type":"","background-media":"","overlay-type":"","overlay-color":"","overlay-opacity":"","overlay-gradient":""}}},"product_brand":[],"product_cat":[129],"product_tag":[],"class_list":{"0":"post-4447","1":"product","2":"type-product","3":"status-publish","4":"has-post-thumbnail","6":"product_cat-hoa-chat-nganh-son-cong-nghiep","7":"desktop-align-left","8":"tablet-align-left","9":"mobile-align-left","10":"ast-product-gallery-layout-horizontal-slider","11":"ast-product-gallery-with-no-image","12":"ast-product-tabs-layout-distributed","14":"first","15":"instock","16":"shipping-taxable","17":"product-type-simple"},"_links":{"self":[{"href":"https:\/\/aktc.com.vn\/en\/wp-json\/wp\/v2\/product\/4447","targetHints":{"allow":["GET"]}}],"collection":[{"href":"https:\/\/aktc.com.vn\/en\/wp-json\/wp\/v2\/product"}],"about":[{"href":"https:\/\/aktc.com.vn\/en\/wp-json\/wp\/v2\/types\/product"}],"replies":[{"embeddable":true,"href":"https:\/\/aktc.com.vn\/en\/wp-json\/wp\/v2\/comments?post=4447"}],"wp:featuredmedia":[{"embeddable":true,"href":"https:\/\/aktc.com.vn\/en\/wp-json\/wp\/v2\/media\/4160"}],"wp:attachment":[{"href":"https:\/\/aktc.com.vn\/en\/wp-json\/wp\/v2\/media?parent=4447"}],"wp:term":[{"taxonomy":"product_brand","embeddable":true,"href":"https:\/\/aktc.com.vn\/en\/wp-json\/wp\/v2\/product_brand?post=4447"},{"taxonomy":"product_cat","embeddable":true,"href":"https:\/\/aktc.com.vn\/en\/wp-json\/wp\/v2\/product_cat?post=4447"},{"taxonomy":"product_tag","embeddable":true,"href":"https:\/\/aktc.com.vn\/en\/wp-json\/wp\/v2\/product_tag?post=4447"}],"curies":[{"name":"wp","href":"https:\/\/api.w.org\/{rel}","templated":true}]}}