{"id":4449,"date":"2026-04-17T09:40:38","date_gmt":"2026-04-17T02:40:38","guid":{"rendered":"https:\/\/aktc.com.vn\/?post_type=product&#038;p=4449"},"modified":"2026-04-17T09:40:50","modified_gmt":"2026-04-17T02:40:50","slug":"winpurea-152","status":"publish","type":"product","link":"https:\/\/aktc.com.vn\/en\/winpurea-152\/","title":{"rendered":"WINPUREA\u00ae 152"},"content":{"rendered":"<table>\n<tbody>\n<tr>\n<td width=\"342\">&#8211; Xu\u1ea5t x\u1ee9: Trung Qu\u1ed1c (Winbond Materials Co., Ltd.)<\/p>\n<p>&#8211; T\u00ednh n\u0103ng: Nh\u1ef1a polyaspartic, h\u00e0m l\u01b0\u1ee3ng r\u1eafn cao (~96%), t\u01b0\u01a1ng th\u00edch v\u1edbi nh\u1ef1a hydroxyl nh\u01b0 acrylic, alkyd; d\u00f9ng cho h\u1ec7 high-solids v\u00e0 solvent-free.<\/p>\n<p>&#8211; \u1ee8ng d\u1ee5ng: S\u01a1n ch\u1ed1ng \u0103n m\u00f2n, s\u01a1n s\u00e0n, l\u1edbp ph\u1ee7 b\u1ea3o v\u1ec7 c\u00f4ng nghi\u1ec7p v\u00e0 c\u00e1nh qu\u1ea1t \u0111i\u1ec7n gi\u00f3.<\/p>\n<p>&#8211; \u0110\u00f3ng g\u00f3i: IBC\/Drum<\/td>\n<\/tr>\n<\/tbody>\n<\/table>","protected":false},"excerpt":{"rendered":"<p>&#8211; Xu\u1ea5t x\u1ee9: Trung Qu\u1ed1c (Winbond Materials Co., Ltd.) &#8211; T\u00ednh n\u0103ng: Nh\u1ef1a polyaspartic, h\u00e0m l\u01b0\u1ee3ng r\u1eafn cao (~96%), t\u01b0\u01a1ng th\u00edch v\u1edbi nh\u1ef1a hydroxyl nh\u01b0 [&hellip;]<\/p>","protected":false},"featured_media":4160,"comment_status":"closed","ping_status":"closed","template":"","meta":{"site-sidebar-layout":"default","site-content-layout":"","ast-site-content-layout":"default","site-content-style":"default","site-sidebar-style":"default","ast-global-header-display":"","ast-banner-title-visibility":"","ast-main-header-display":"","ast-hfb-above-header-display":"","ast-hfb-below-header-display":"","ast-hfb-mobile-header-display":"","site-post-title":"","ast-breadcrumbs-content":"","ast-featured-img":"","footer-sml-layout":"","theme-transparent-header-meta":"default","adv-header-id-meta":"","stick-header-meta":"","header-above-stick-meta":"","header-main-stick-meta":"","header-below-stick-meta":"","astra-migrate-meta-layouts":"set","ast-page-background-enabled":"default","ast-page-background-meta":{"desktop":{"background-color":"var(--ast-global-color-4)","background-image":"","background-repeat":"repeat","background-position":"center center","background-size":"auto","background-attachment":"scroll","background-type":"","background-media":"","overlay-type":"","overlay-color":"","overlay-opacity":"","overlay-gradient":""},"tablet":{"background-color":"","background-image":"","background-repeat":"repeat","background-position":"center center","background-size":"auto","background-attachment":"scroll","background-type":"","background-media":"","overlay-type":"","overlay-color":"","overlay-opacity":"","overlay-gradient":""},"mobile":{"background-color":"","background-image":"","background-repeat":"repeat","background-position":"center center","background-size":"auto","background-attachment":"scroll","background-type":"","background-media":"","overlay-type":"","overlay-color":"","overlay-opacity":"","overlay-gradient":""}},"ast-content-background-meta":{"desktop":{"background-color":"var(--ast-global-color-5)","background-image":"","background-repeat":"repeat","background-position":"center center","background-size":"auto","background-attachment":"scroll","background-type":"","background-media":"","overlay-type":"","overlay-color":"","overlay-opacity":"","overlay-gradient":""},"tablet":{"background-color":"var(--ast-global-color-5)","background-image":"","background-repeat":"repeat","background-position":"center center","background-size":"auto","background-attachment":"scroll","background-type":"","background-media":"","overlay-type":"","overlay-color":"","overlay-opacity":"","overlay-gradient":""},"mobile":{"background-color":"var(--ast-global-color-5)","background-image":"","background-repeat":"repeat","background-position":"center center","background-size":"auto","background-attachment":"scroll","background-type":"","background-media":"","overlay-type":"","overlay-color":"","overlay-opacity":"","overlay-gradient":""}}},"product_brand":[],"product_cat":[129],"product_tag":[],"class_list":{"0":"post-4449","1":"product","2":"type-product","3":"status-publish","4":"has-post-thumbnail","6":"product_cat-hoa-chat-nganh-son-cong-nghiep","7":"desktop-align-left","8":"tablet-align-left","9":"mobile-align-left","10":"ast-product-gallery-layout-horizontal-slider","11":"ast-product-gallery-with-no-image","12":"ast-product-tabs-layout-distributed","14":"first","15":"instock","16":"shipping-taxable","17":"product-type-simple"},"_links":{"self":[{"href":"https:\/\/aktc.com.vn\/en\/wp-json\/wp\/v2\/product\/4449","targetHints":{"allow":["GET"]}}],"collection":[{"href":"https:\/\/aktc.com.vn\/en\/wp-json\/wp\/v2\/product"}],"about":[{"href":"https:\/\/aktc.com.vn\/en\/wp-json\/wp\/v2\/types\/product"}],"replies":[{"embeddable":true,"href":"https:\/\/aktc.com.vn\/en\/wp-json\/wp\/v2\/comments?post=4449"}],"wp:featuredmedia":[{"embeddable":true,"href":"https:\/\/aktc.com.vn\/en\/wp-json\/wp\/v2\/media\/4160"}],"wp:attachment":[{"href":"https:\/\/aktc.com.vn\/en\/wp-json\/wp\/v2\/media?parent=4449"}],"wp:term":[{"taxonomy":"product_brand","embeddable":true,"href":"https:\/\/aktc.com.vn\/en\/wp-json\/wp\/v2\/product_brand?post=4449"},{"taxonomy":"product_cat","embeddable":true,"href":"https:\/\/aktc.com.vn\/en\/wp-json\/wp\/v2\/product_cat?post=4449"},{"taxonomy":"product_tag","embeddable":true,"href":"https:\/\/aktc.com.vn\/en\/wp-json\/wp\/v2\/product_tag?post=4449"}],"curies":[{"name":"wp","href":"https:\/\/api.w.org\/{rel}","templated":true}]}}