{"id":4451,"date":"2026-04-17T09:42:32","date_gmt":"2026-04-17T02:42:32","guid":{"rendered":"https:\/\/aktc.com.vn\/?post_type=product&#038;p=4451"},"modified":"2026-04-17T09:42:33","modified_gmt":"2026-04-17T02:42:33","slug":"chat-tro-tao-mang-loca-cam","status":"publish","type":"product","link":"https:\/\/aktc.com.vn\/en\/chat-tro-tao-mang-loca-cam\/","title":{"rendered":"Ch\u1ea5t tr\u1ee3 t\u1ea1o m\u00e0ng LOCA CAM"},"content":{"rendered":"<p>&#8211; Xu\u1ea5t x\u1ee9: Hong Kong (SANG HING HONG Chemicals (Shanghai) Co., Ltd.)<\/p>\n<p>&#8211; T\u00ednh n\u0103ng: Ch\u1ea5t l\u1ecfng trong su\u1ed1t, kh\u00f4ng m\u00e0u; h\u00e0m l\u01b0\u1ee3ng 99%; m\u00f9i th\u1ea5p; hi\u1ec7u qu\u1ea3 t\u1ea1o m\u00e0ng cao; VOC c\u1ef1c th\u1ea5p; t\u01b0\u01a1ng th\u00edch t\u1ed1t v\u1edbi h\u1ec7 latex; kh\u1ea3 n\u0103ng t\u1ea1o m\u00e0ng t\u1ed1t \u1edf nhi\u1ec7t \u0111\u1ed9 th\u1ea5p; \u0111\u1ed9 \u1ed5n \u0111\u1ecbnh l\u01b0u tr\u1eef cao; d\u1ec5 ph\u00e2n h\u1ee7y sinh h\u1ecdc, th\u00e2n thi\u1ec7n v\u1edbi m\u00f4i tr\u01b0\u1eddng.<\/p>\n<p>&#8211; \u1ee8ng d\u1ee5ng: S\u01a1n ph\u1ee7 ki\u1ebfn tr\u00fac, s\u01a1n ngh\u1ec7 thu\u1eadt, s\u01a1n s\u00e0n, x\u1eed l\u00fd gi\u1ea5y, m\u1ef1c in, s\u01a1n c\u00f4ng nghi\u1ec7p, h\u1ec7 latex \u00edt m\u00f9i \/ ph\u00e1t th\u1ea3i th\u1ea5p,\u2026 &#8211; &#8211; &#8211; \u0110\u00f3ng g\u00f3i: Drum (200Kg net); IBC (950Kg net); Bulk<\/p>","protected":false},"excerpt":{"rendered":"<p>&#8211; Xu\u1ea5t x\u1ee9: Hong Kong (SANG HING HONG Chemicals (Shanghai) Co., Ltd.) &#8211; T\u00ednh n\u0103ng: Ch\u1ea5t l\u1ecfng trong su\u1ed1t, kh\u00f4ng m\u00e0u; h\u00e0m l\u01b0\u1ee3ng 99%; m\u00f9i [&hellip;]<\/p>","protected":false},"featured_media":4343,"comment_status":"closed","ping_status":"closed","template":"","meta":{"site-sidebar-layout":"default","site-content-layout":"","ast-site-content-layout":"default","site-content-style":"default","site-sidebar-style":"default","ast-global-header-display":"","ast-banner-title-visibility":"","ast-main-header-display":"","ast-hfb-above-header-display":"","ast-hfb-below-header-display":"","ast-hfb-mobile-header-display":"","site-post-title":"","ast-breadcrumbs-content":"","ast-featured-img":"","footer-sml-layout":"","theme-transparent-header-meta":"default","adv-header-id-meta":"","stick-header-meta":"","header-above-stick-meta":"","header-main-stick-meta":"","header-below-stick-meta":"","astra-migrate-meta-layouts":"set","ast-page-background-enabled":"default","ast-page-background-meta":{"desktop":{"background-color":"var(--ast-global-color-4)","background-image":"","background-repeat":"repeat","background-position":"center center","background-size":"auto","background-attachment":"scroll","background-type":"","background-media":"","overlay-type":"","overlay-color":"","overlay-opacity":"","overlay-gradient":""},"tablet":{"background-color":"","background-image":"","background-repeat":"repeat","background-position":"center center","background-size":"auto","background-attachment":"scroll","background-type":"","background-media":"","overlay-type":"","overlay-color":"","overlay-opacity":"","overlay-gradient":""},"mobile":{"background-color":"","background-image":"","background-repeat":"repeat","background-position":"center center","background-size":"auto","background-attachment":"scroll","background-type":"","background-media":"","overlay-type":"","overlay-color":"","overlay-opacity":"","overlay-gradient":""}},"ast-content-background-meta":{"desktop":{"background-color":"var(--ast-global-color-5)","background-image":"","background-repeat":"repeat","background-position":"center center","background-size":"auto","background-attachment":"scroll","background-type":"","background-media":"","overlay-type":"","overlay-color":"","overlay-opacity":"","overlay-gradient":""},"tablet":{"background-color":"var(--ast-global-color-5)","background-image":"","background-repeat":"repeat","background-position":"center center","background-size":"auto","background-attachment":"scroll","background-type":"","background-media":"","overlay-type":"","overlay-color":"","overlay-opacity":"","overlay-gradient":""},"mobile":{"background-color":"var(--ast-global-color-5)","background-image":"","background-repeat":"repeat","background-position":"center center","background-size":"auto","background-attachment":"scroll","background-type":"","background-media":"","overlay-type":"","overlay-color":"","overlay-opacity":"","overlay-gradient":""}}},"product_brand":[],"product_cat":[151],"product_tag":[],"class_list":{"0":"post-4451","1":"product","2":"type-product","3":"status-publish","4":"has-post-thumbnail","6":"product_cat-phu-gia-son-nuoc","7":"desktop-align-left","8":"tablet-align-left","9":"mobile-align-left","10":"ast-product-gallery-layout-horizontal-slider","11":"ast-product-gallery-with-no-image","12":"ast-product-tabs-layout-distributed","14":"first","15":"instock","16":"shipping-taxable","17":"product-type-simple"},"_links":{"self":[{"href":"https:\/\/aktc.com.vn\/en\/wp-json\/wp\/v2\/product\/4451","targetHints":{"allow":["GET"]}}],"collection":[{"href":"https:\/\/aktc.com.vn\/en\/wp-json\/wp\/v2\/product"}],"about":[{"href":"https:\/\/aktc.com.vn\/en\/wp-json\/wp\/v2\/types\/product"}],"replies":[{"embeddable":true,"href":"https:\/\/aktc.com.vn\/en\/wp-json\/wp\/v2\/comments?post=4451"}],"wp:featuredmedia":[{"embeddable":true,"href":"https:\/\/aktc.com.vn\/en\/wp-json\/wp\/v2\/media\/4343"}],"wp:attachment":[{"href":"https:\/\/aktc.com.vn\/en\/wp-json\/wp\/v2\/media?parent=4451"}],"wp:term":[{"taxonomy":"product_brand","embeddable":true,"href":"https:\/\/aktc.com.vn\/en\/wp-json\/wp\/v2\/product_brand?post=4451"},{"taxonomy":"product_cat","embeddable":true,"href":"https:\/\/aktc.com.vn\/en\/wp-json\/wp\/v2\/product_cat?post=4451"},{"taxonomy":"product_tag","embeddable":true,"href":"https:\/\/aktc.com.vn\/en\/wp-json\/wp\/v2\/product_tag?post=4451"}],"curies":[{"name":"wp","href":"https:\/\/api.w.org\/{rel}","templated":true}]}}