{"id":4483,"date":"2026-05-11T09:54:23","date_gmt":"2026-05-11T02:54:23","guid":{"rendered":"https:\/\/aktc.com.vn\/?post_type=product&#038;p=4483"},"modified":"2026-05-11T09:54:23","modified_gmt":"2026-05-11T02:54:23","slug":"hpmc-phu-gia-tao-dac-meicell-fmd-2311-cho-keo-dan-gach","status":"publish","type":"product","link":"https:\/\/aktc.com.vn\/en\/hpmc-phu-gia-tao-dac-meicell-fmd-2311-cho-keo-dan-gach\/","title":{"rendered":"HPMC-Ph\u1ee5 gia t\u1ea1o \u0111\u1eb7c MEICELL\u00ae FMD-2311 cho keo d\u00e1n g\u1ea1ch"},"content":{"rendered":"<h3 class=\"ast-distributed-header ast-tab-header\">M\u00f4 t\u1ea3<\/h3>\n<div id=\"tab-description\" class=\"ast-distributed-content  woocommerce-Tabs-panel woocommerce-Tabs-panel--description panel entry-content wc-tab\" role=\"tabpanel\" aria-labelledby=\"tab-title-description\">\n<div class=\"ast-distributed-wrap\">\n<p>Th\u01b0\u01a1ng hi\u1ec7u:\u00a0<span class=\"a_GcMg font-feature-liga-off font-feature-clig-off font-feature-calt-off text-decoration-none text-strikethrough-none\">DK Finechem, H\u00e0n Qu\u1ed1c<\/span><\/p>\n<p>Xu\u1ea5t x\u1ee9: H\u00e0n qu\u1ed1c ( nh\u00e0 m\u00e1y H\u00e0n Qu\u1ed1c)<\/p>\n<p>Lo\u1ea1i s\u1ea3n ph\u1ea9m: D\u1ea1ng b\u1ed9t m\u00e0u tr\u1eafng<\/p>\n<p>\u0110\u00f3ng g\u00f3i; 25\/kg<\/p>\n<p><strong>T\u00ednh n\u0103ng :<\/strong><\/p>\n<p>T\u0103ng \u0111\u1ed9 b\u00e1m nhanh sau 24h<\/p>\n<p>Ch\u1ed1ng tr\u01b0\u1ee3t t\u1ed1t, d\u1ec5 thi c\u00f4ng cho t\u01b0\u1eddng v\u00e0 s\u00e0n<\/p>\n<p>\u0110\u1ed9 gi\u1eef n\u01b0\u1edbc cao, h\u1ed7 tr\u1ee3 th\u1ee7y h\u00f3a xi m\u0103ng hi\u1ec7u qu\u1ea3<\/p>\n<p>T\u01b0\u01a1ng th\u00edch \u0111a d\u1ea1ng h\u1ec7 binder &amp; filler<\/p>\n<\/div>\n<\/div>","protected":false},"excerpt":{"rendered":"<p>M\u00f4 t\u1ea3 Th\u01b0\u01a1ng hi\u1ec7u:\u00a0DK Finechem, H\u00e0n Qu\u1ed1c Xu\u1ea5t x\u1ee9: H\u00e0n qu\u1ed1c ( nh\u00e0 m\u00e1y H\u00e0n Qu\u1ed1c) Lo\u1ea1i s\u1ea3n ph\u1ea9m: D\u1ea1ng b\u1ed9t m\u00e0u tr\u1eafng \u0110\u00f3ng g\u00f3i; [&hellip;]<\/p>","protected":false},"featured_media":4378,"comment_status":"closed","ping_status":"closed","template":"","meta":{"site-sidebar-layout":"default","site-content-layout":"","ast-site-content-layout":"default","site-content-style":"default","site-sidebar-style":"default","ast-global-header-display":"","ast-banner-title-visibility":"","ast-main-header-display":"","ast-hfb-above-header-display":"","ast-hfb-below-header-display":"","ast-hfb-mobile-header-display":"","site-post-title":"","ast-breadcrumbs-content":"","ast-featured-img":"","footer-sml-layout":"","theme-transparent-header-meta":"default","adv-header-id-meta":"","stick-header-meta":"","header-above-stick-meta":"","header-main-stick-meta":"","header-below-stick-meta":"","astra-migrate-meta-layouts":"set","ast-page-background-enabled":"default","ast-page-background-meta":{"desktop":{"background-color":"var(--ast-global-color-4)","background-image":"","background-repeat":"repeat","background-position":"center center","background-size":"auto","background-attachment":"scroll","background-type":"","background-media":"","overlay-type":"","overlay-color":"","overlay-opacity":"","overlay-gradient":""},"tablet":{"background-color":"","background-image":"","background-repeat":"repeat","background-position":"center center","background-size":"auto","background-attachment":"scroll","background-type":"","background-media":"","overlay-type":"","overlay-color":"","overlay-opacity":"","overlay-gradient":""},"mobile":{"background-color":"","background-image":"","background-repeat":"repeat","background-position":"center center","background-size":"auto","background-attachment":"scroll","background-type":"","background-media":"","overlay-type":"","overlay-color":"","overlay-opacity":"","overlay-gradient":""}},"ast-content-background-meta":{"desktop":{"background-color":"var(--ast-global-color-5)","background-image":"","background-repeat":"repeat","background-position":"center center","background-size":"auto","background-attachment":"scroll","background-type":"","background-media":"","overlay-type":"","overlay-color":"","overlay-opacity":"","overlay-gradient":""},"tablet":{"background-color":"var(--ast-global-color-5)","background-image":"","background-repeat":"repeat","background-position":"center center","background-size":"auto","background-attachment":"scroll","background-type":"","background-media":"","overlay-type":"","overlay-color":"","overlay-opacity":"","overlay-gradient":""},"mobile":{"background-color":"var(--ast-global-color-5)","background-image":"","background-repeat":"repeat","background-position":"center center","background-size":"auto","background-attachment":"scroll","background-type":"","background-media":"","overlay-type":"","overlay-color":"","overlay-opacity":"","overlay-gradient":""}}},"product_brand":[],"product_cat":[128],"product_tag":[],"class_list":{"0":"post-4483","1":"product","2":"type-product","3":"status-publish","4":"has-post-thumbnail","6":"product_cat-hoa-chat-chong-tham","7":"desktop-align-left","8":"tablet-align-left","9":"mobile-align-left","10":"ast-product-gallery-layout-horizontal-slider","11":"ast-product-gallery-with-no-image","12":"ast-product-tabs-layout-distributed","14":"first","15":"instock","16":"shipping-taxable","17":"product-type-simple"},"_links":{"self":[{"href":"https:\/\/aktc.com.vn\/en\/wp-json\/wp\/v2\/product\/4483","targetHints":{"allow":["GET"]}}],"collection":[{"href":"https:\/\/aktc.com.vn\/en\/wp-json\/wp\/v2\/product"}],"about":[{"href":"https:\/\/aktc.com.vn\/en\/wp-json\/wp\/v2\/types\/product"}],"replies":[{"embeddable":true,"href":"https:\/\/aktc.com.vn\/en\/wp-json\/wp\/v2\/comments?post=4483"}],"wp:featuredmedia":[{"embeddable":true,"href":"https:\/\/aktc.com.vn\/en\/wp-json\/wp\/v2\/media\/4378"}],"wp:attachment":[{"href":"https:\/\/aktc.com.vn\/en\/wp-json\/wp\/v2\/media?parent=4483"}],"wp:term":[{"taxonomy":"product_brand","embeddable":true,"href":"https:\/\/aktc.com.vn\/en\/wp-json\/wp\/v2\/product_brand?post=4483"},{"taxonomy":"product_cat","embeddable":true,"href":"https:\/\/aktc.com.vn\/en\/wp-json\/wp\/v2\/product_cat?post=4483"},{"taxonomy":"product_tag","embeddable":true,"href":"https:\/\/aktc.com.vn\/en\/wp-json\/wp\/v2\/product_tag?post=4483"}],"curies":[{"name":"wp","href":"https:\/\/api.w.org\/{rel}","templated":true}]}}